{"id":14883,"date":"2026-05-11T09:47:41","date_gmt":"2026-05-11T02:47:41","guid":{"rendered":"https:\/\/gosco.vn\/?page_id=14883"},"modified":"2026-05-11T14:39:38","modified_gmt":"2026-05-11T07:39:38","slug":"phong-thi-nghiem-gosco","status":"publish","type":"page","link":"https:\/\/gosco.vn\/vi\/phong-thi-nghiem-gosco","title":{"rendered":"C\u00f4ng b\u1ed1 n\u0103ng l\u1ef1c ph\u00f2ng th\u00ed nghi\u1ec7m GOSCO"},"content":{"rendered":"<h1>\n\t\t\tC\u00f4ng b\u1ed1 n\u0103ng l\u1ef1c &#8211; Ph\u00f2ng th\u00ed nghi\u1ec7m GOSCO\t<\/h1>\n\t<h3>C\u00f4ng b\u1ed1 th\u00f4ng tin v\u1ec1 n\u0103ng l\u1ef1c ho\u1ea1t \u0111\u1ed9ng th\u00ed nghi\u1ec7m chuy\u00ean ng\u00e0nh x\u00e2y d\u1ef1ng theo Ngh\u1ecb \u0111\u1ecbnh s\u1ed1 14\/2026\/N\u0110-CP<\/h3>\n\t\t\t<a href=\"https:\/\/drive.google.com\/file\/d\/1HRa1QCnCztJEii9i0GB2wWsMioRwxHS3\/view?usp=sharing\"  target=\"_self\">\n\t\t\t\t\t\t\tC\u00f4ng b\u1ed1 th\u00f4ng tin v\u1ec1 n\u0103ng l\u1ef1c \u0111\u1ee7 \u0111i\u1ec1u ki\u1ec7n ho\u1ea1t \u0111\u1ed9ng th\u00ed nghi\u1ec7m chuy\u00ean ng\u00e0nh x\u00e2y d\u1ef1ng\n\t\t\t<\/a>\n<h2>\n\t\t\tDanh m\u1ee5c t\u00e0i li\u1ec7u\t<\/h2>\n<h1>\n\t\t\tLi\u1ec7n h\u1ec7\t<\/h1>\n\t<p class=\"translation-block\"><span style=\"font-size: 14px\">Ch\u00fang t\u00f4i lu\u00f4n <strong>l\u1eafng nghe<\/strong> t\u1ea5t c\u1ea3 c\u00e1c \u00fd ki\u1ebfn t\u1eeb kh\u00e1ch h\u00e0ng. N\u1ebfu b\u1ea1n c\u00f3 b\u1ea5t k\u1ef3 v\u1ea5n \u0111\u1ec1 ho\u1eb7c c\u00e2u h\u1ecfi n\u00e0o v\u1ec1 d\u1ecbch v\u1ee5, vui l\u00f2ng li\u00ean h\u1ec7 v\u1edbi ch\u00fang t\u00f4i:<\/span><\/p>\n(+84) 98 226 5526<br \/>\nsurvey@gosco.vn\n\t\t\t<a href=\"mailto:survey@gosco.vn\"  target=\"_self\">\n\t\t\t\t\t\t\tG\u1eedi Email\n\t\t\t<\/a>\n\t<iframe src=\"https:\/\/www.google.com\/maps\/embed?pb=!1m18!1m12!1m3!1d3665.961620807315!2d109.17553407477492!3d12.212551588037337!2m3!1f0!2f0!3f0!3m2!1i1024!2i768!4f13.1!3m3!1m2!1s0x31705d809c07aaab%3A0xa43231c402fbf18b!2zQ8OUTkcgVFkgVE5ISCBL4bu4IFRIVeG6rFQgS0jhuqJPIFPDgVQgQknhu4JOIFbDgE5H!5e1!3m2!1svi!2s!4v1735137735203!5m2!1svi!2s\" width=\"600\" height=\"450\" allowfullscreen=\"\" loading=\"lazy\" referrerpolicy=\"no-referrer-when-downgrade\"><\/iframe>\n<h2>\n\t\t\tV\u1ecb tr\u00ed GOSCO\t<\/h2>\n\t<p><strong>\u0110\u1ecba ch\u1ec9 v\u0103n ph\u00f2ng<\/strong><\/p>\n<p>L\u00f4 L22-18 (\u0110\u01b0\u1eddng T8), Khu \u0111\u00f4 th\u1ecb An B\u00ecnh T\u00e2n, Th\u00e0nh ph\u1ed1 Nha Trang, T\u1ec9nh Kh\u00e1nh H\u00f2a, Vi\u1ec7t Nam.<\/p>\n<ul>\n<li>12\u00b012&#8217;44.90&#8243;N,<\/li>\n<li>109\u00b010&#8217;41.26&#8243;E<\/li>\n<\/ul>\n\t\t\t<a href=\"https:\/\/maps.app.goo.gl\/HDsrqrQSU2H4ojA19\"  target=\"_blank\" rel=\"noopener\">\n\t\t\t\t\t\t\tGoogle Map\n\t\t\t<\/a>\n<h1>\n\t\t\tGOSCO\t<\/h1>\n\t<p>Ch\u00fang t\u00f4i lu\u00f4n n\u1ed7 l\u1ef1c cung c\u1ea5p d\u1eef li\u1ec7u \u0111\u00e1ng tin c\u1eady v\u1ec1 \u0111\u1ecba h\u00ecnh, \u0111\u1ecba ch\u1ea5t v\u00e0 kh\u00ed t\u01b0\u1ee3ng th\u1ee7y v\u0103n \u0111\u1ec3 g\u00f3p ph\u1ea7n mang l\u1ea1i nh\u1eefng gi\u1ea3i ph\u00e1p thi\u1ebft k\u1ebf ph\u00f9 h\u1ee3p, an to\u00e0n v\u00e0 hi\u1ec7u qu\u1ea3 cho c\u00e1c d\u1ef1 \u00e1n x\u00e2y d\u1ef1ng.<\/p>\n\t<p><strong>Golden sea Surveying technology Co., ltd.\u00a92025. GOSCO.<\/strong><\/p>\n<p>M\u00e3 s\u1ed1 thu\u1ebf: 4201759764<\/p>\n<p>&nbsp;<\/p>\n\t\t\t<a href=\"https:\/\/www.facebook.com\/BIENVANG.GOSCO\"  target=\"_blank\" rel=\"noopener\">\n\t\t\t<\/a>\n\t\t\t<a href=\"https:\/\/www.youtube.com\/@gosco5263\"  target=\"_blank\" rel=\"noopener\">\n\t\t\t<\/a>\n\t<iframe \n    src=\"https:\/\/momento360.com\/e\/u\/64c2393f641b40e087a7083a4bc48ea6?utm_campaign=embed&#038;utm_source=other&#038;heading=188.81&#038;pitch=-74.89&#038;field-of-view=75&#038;size=full\">\n<\/iframe>\n<figure itemscope itemtype=\"https:\/\/schema.org\/ImageObject\">\n\t\t\t\t<a href=\"#\"  target=\"_self\" itemprop=\"url\">\n\t\t\t\t<img decoding=\"async\" src=\"https:\/\/gosco.vn\/wp-content\/uploads\/2020\/11\/LOGO-final-01-1.png\" alt=\"LOGO-final-01\" height=\"80\" width=\"354\" title=\"LOGO-cu\u1ed1i c\u00f9ng-01\" onerror=\"this.style.display='none'\" loading=\"lazy\" \/>\n\t\t\t\t<\/a>\n\t<\/figure>","protected":false},"excerpt":{"rendered":"<p>C\u00f4ng b\u1ed1 n\u0103ng l\u1ef1c &#8211; Ph\u00f2ng th\u00ed nghi\u1ec7m GOSCO C\u00f4ng b\u1ed1 th\u00f4ng tin v\u1ec1 n\u0103ng l\u1ef1c ho\u1ea1t \u0111\u1ed9ng th\u00ed nghi\u1ec7m chuy\u00ean ng\u00e0nh x\u00e2y d\u1ef1ng theo Ngh\u1ecb \u0111\u1ecbnh s\u1ed1 14\/2026\/N\u0110-CP C\u00f4ng b\u1ed1 th\u00f4ng tin v\u1ec1 n\u0103ng l\u1ef1c \u0111\u1ee7 \u0111i\u1ec1u ki\u1ec7n ho\u1ea1t \u0111\u1ed9ng th\u00ed nghi\u1ec7m chuy\u00ean ng\u00e0nh x\u00e2y d\u1ef1ng Danh m\u1ee5c t\u00e0i li\u1ec7u Contact us We always &hellip; <\/p>\n<p class=\"link-more\"><a href=\"https:\/\/gosco.vn\/vi\/phong-thi-nghiem-gosco\" class=\"more-link\">\u0110\u1ecdc ti\u1ebfp<span class=\"screen-reader-text\"> &#8220;C\u00f4ng b\u1ed1 n\u0103ng l\u1ef1c ph\u00f2ng th\u00ed nghi\u1ec7m GOSCO&#8221;<\/span><\/a><\/p>","protected":false},"author":2,"featured_media":1133,"parent":0,"menu_order":0,"comment_status":"closed","ping_status":"closed","template":"blank_Tien_page.php","meta":{"_acf_changed":false,"om_disable_all_campaigns":false,"footnotes":""},"class_list":["post-14883","page","type-page","status-publish","has-post-thumbnail","hentry","entry"],"acf":[],"aioseo_notices":[],"_links":{"self":[{"href":"https:\/\/gosco.vn\/vi\/wp-json\/wp\/v2\/pages\/14883","targetHints":{"allow":["GET"]}}],"collection":[{"href":"https:\/\/gosco.vn\/vi\/wp-json\/wp\/v2\/pages"}],"about":[{"href":"https:\/\/gosco.vn\/vi\/wp-json\/wp\/v2\/types\/page"}],"author":[{"embeddable":true,"href":"https:\/\/gosco.vn\/vi\/wp-json\/wp\/v2\/users\/2"}],"replies":[{"embeddable":true,"href":"https:\/\/gosco.vn\/vi\/wp-json\/wp\/v2\/comments?post=14883"}],"version-history":[{"count":11,"href":"https:\/\/gosco.vn\/vi\/wp-json\/wp\/v2\/pages\/14883\/revisions"}],"predecessor-version":[{"id":14902,"href":"https:\/\/gosco.vn\/vi\/wp-json\/wp\/v2\/pages\/14883\/revisions\/14902"}],"wp:featuredmedia":[{"embeddable":true,"href":"https:\/\/gosco.vn\/vi\/wp-json\/wp\/v2\/media\/1133"}],"wp:attachment":[{"href":"https:\/\/gosco.vn\/vi\/wp-json\/wp\/v2\/media?parent=14883"}],"curies":[{"name":"wp","href":"https:\/\/api.w.org\/{rel}","templated":true}]}}