{"id":13939,"date":"2025-02-07T10:07:09","date_gmt":"2025-02-07T03:07:09","guid":{"rendered":"https:\/\/gosco.vn\/?page_id=13939"},"modified":"2025-04-25T11:10:07","modified_gmt":"2025-04-25T04:10:07","slug":"news","status":"publish","type":"page","link":"https:\/\/gosco.vn\/vi\/news","title":{"rendered":"Tin t\u1ee9c v\u00e0 b\u00e0i vi\u1ebft"},"content":{"rendered":"<a href=\"https:\/\/gosco.vn\/vi\/\"  target=\"_self\" itemprop=\"url\">\n\t\t\t\t<img decoding=\"async\" src=\"https:\/\/gosco.vn\/wp-content\/uploads\/2020\/11\/LOGO-final-01-1.png\" alt=\"LOGO-final-01\" itemprop=\"image\" height=\"80\" width=\"354\" title=\"LOGO-cu\u1ed1i c\u00f9ng-01\" onerror=\"this.style.display='none'\"  \/>\n\t\t\t\t<\/a>\n<h1>\n\t\tTin t\u1ee9c v\u00e0 b\u00e0i vi\u1ebft\n\t<\/h1>\n\t\r\n\t\t<div class=\"pgafu-filter-wrp\">\r\n\t\t\t<ul class=\"pgafu-filter\" id=\"pgafu-filtr-1\">\r\n\t\t\t\t<li class=\"pgafu-filtr-cat pgafu-active-filtr\" data-filter=\"*\"><a href=\"javascript:void(0);\">All<\/a><\/li>\r\n\t\t\t\t\t\t\t\t\t<li class=\"pgafu-filtr-cat\" data-filter=\".pgafu-295\"><a href=\"javascript:void(0);\">B\u00e0i vi\u1ebft<\/a><\/li>\r\n\t\t\t\t\t\t\t\t\t<li class=\"pgafu-filtr-cat\" data-filter=\".pgafu-15\"><a href=\"javascript:void(0);\">Tin t\u1ee9c<\/a><\/li>\r\n\t\t\t\t\t\t\t<\/ul>\r\n\r\n\t\t\t<div class=\"pgafu-filtr-container\" id=\"pgafu-post-filtr-1\">\r\n\t\t\t\t<div class=\"pgafu-post-grid-main pgafu-post-filter pgafu-design-1 pgafu-image-fit has-no-animation pgafu-clearfix\">\r\n\r\n\t\t\t\t\r\n\t\t\t\t\t<div class=\"pgafu-medium-4 pgafu-columns filtr-item pgafu-post-cnt pgafu-295\">\r\n\t\t\t\t\t\r\n<div class=\"pgafu-post-grid\">\r\n\t<div class=\"pgafu-post-grid-content\">\r\n\t\t\t\t\t<div class=\"pgafu-post-image-bg\" style=\"\">\r\n\t\t\t\t<a href=\"https:\/\/gosco.vn\/vi\/hoc-bong-vuot-kho\">\r\n\t\t\t\t\t<img decoding=\"async\" src=\"https:\/\/gosco.vn\/wp-content\/uploads\/2025\/11\/hoc-bong-vuot-kho-1024x1024.jpg\" alt=\"H\u1ecdc b\u1ed5ng v\u01b0\u1ee3t kh\u00f3 \u2013 Ch\u00fat n\u1eafng \u1ea5m g\u1eedi T\u00e2y Nha Trang\" \/>\r\n\t\t\t\t<\/a>\r\n\t\t\t<\/div>\r\n\t\t\t\t<h2 class=\"pgafu-post-title\">\r\n\t\t\t<a href=\"https:\/\/gosco.vn\/vi\/hoc-bong-vuot-kho\">H\u1ecdc b\u1ed5ng v\u01b0\u1ee3t kh\u00f3 \u2013 M\u1ed9t ch\u00fat n\u1eafng \u1ea5m g\u1eedi \u0111\u1ebfn T\u00e2y Nha Trang<\/a>\r\n\t\t<\/h2>\r\n\r\n\t\t\t\t\t<div class=\"pgafu-post-date\">\r\n\t\t\t\t\t\t\t\t\t<span class=\"pgafu-time\"> <img decoding=\"async\" src=\"https:\/\/gosco.vn\/wp-content\/plugins\/post-grid-and-filter-ultimate\/assets\/images\/calendar.svg\" alt=\"\"> 27 th\u00e1ng 11 n\u0103m 2025 <\/span>\r\n\t\t\t\t\t\t\t<\/div>\r\n\t\t\t<\/div>\r\n<\/div>\t\t\t\t\t<\/div>\r\n\r\n\t\t\t\t\t\r\n\t\t\t\t\t<div class=\"pgafu-medium-4 pgafu-columns filtr-item pgafu-post-cnt pgafu-295\">\r\n\t\t\t\t\t\r\n<div class=\"pgafu-post-grid\">\r\n\t<div class=\"pgafu-post-grid-content\">\r\n\t\t\t\t\t<div class=\"pgafu-post-image-bg\" style=\"\">\r\n\t\t\t\t<a href=\"https:\/\/gosco.vn\/vi\/xe-dien-mat-xich-vuc-day-thi-truong-o-to-viet-nam-2025\">\r\n\t\t\t\t\t<img decoding=\"async\" src=\"https:\/\/gosco.vn\/wp-content\/uploads\/2025\/05\/Xe-dien-Mat-xich-vuc-day-thi-truong-o-to-Viet-nam-2025-1024x576.jpg\" alt=\"Xe \u0111i\u1ec7n \u2013 M\u1eaft x\u00edch v\u1ef1c d\u1eady th\u1ecb tr\u01b0\u1eddng \u00f4 t\u00f4 Vi\u1ec7t n\u0103m 2025\" \/>\r\n\t\t\t\t<\/a>\r\n\t\t\t<\/div>\r\n\t\t\t\t<h2 class=\"pgafu-post-title\">\r\n\t\t\t<a href=\"https:\/\/gosco.vn\/vi\/xe-dien-mat-xich-vuc-day-thi-truong-o-to-viet-nam-2025\">Xe \u0111i\u1ec7n \u2013 Y\u1ebfu t\u1ed1 then ch\u1ed1t th\u00fac \u0111\u1ea9y s\u1ef1 ph\u1ee5c h\u1ed3i c\u1ee7a th\u1ecb tr\u01b0\u1eddng \u00f4 t\u00f4 Vi\u1ec7t Nam v\u00e0o n\u0103m 2025<\/a>\r\n\t\t<\/h2>\r\n\r\n\t\t\t\t\t<div class=\"pgafu-post-date\">\r\n\t\t\t\t\t\t\t\t\t<span class=\"pgafu-time\"> <img decoding=\"async\" src=\"https:\/\/gosco.vn\/wp-content\/plugins\/post-grid-and-filter-ultimate\/assets\/images\/calendar.svg\" alt=\"\"> 12 th\u00e1ng 5 n\u0103m 2025 <\/span>\r\n\t\t\t\t\t\t\t<\/div>\r\n\t\t\t<\/div>\r\n<\/div>\t\t\t\t\t<\/div>\r\n\r\n\t\t\t\t\t\r\n\t\t\t\t\t<div class=\"pgafu-medium-4 pgafu-columns filtr-item pgafu-post-cnt pgafu-295\">\r\n\t\t\t\t\t\r\n<div class=\"pgafu-post-grid\">\r\n\t<div class=\"pgafu-post-grid-content\">\r\n\t\t\t\t\t<div class=\"pgafu-post-image-bg\" style=\"\">\r\n\t\t\t\t<a href=\"https:\/\/gosco.vn\/vi\/du-an-nebo-bess-duoc-phe-duyet-theo-dao-luat-epbc-tai-uc\">\r\n\t\t\t\t\t<img decoding=\"async\" src=\"https:\/\/gosco.vn\/wp-content\/uploads\/2025\/05\/Du-an-Nebo-BESS--1024x683.jpg\" alt=\"D\u1ef1 \u00e1n Nebo BESS \u0111\u01b0\u1ee3c ph\u00ea duy\u1ec7t theo \u0110\u1ea1o lu\u1eadt EPBC t\u1ea1i \u00dac\" \/>\r\n\t\t\t\t<\/a>\r\n\t\t\t<\/div>\r\n\t\t\t\t<h2 class=\"pgafu-post-title\">\r\n\t\t\t<a href=\"https:\/\/gosco.vn\/vi\/du-an-nebo-bess-duoc-phe-duyet-theo-dao-luat-epbc-tai-uc\">D\u1ef1 \u00e1n Nebo BESS \u0111\u00e3 \u0111\u01b0\u1ee3c ph\u00ea duy\u1ec7t theo \u0110\u1ea1o lu\u1eadt B\u1ea3o v\u1ec7 M\u00f4i tr\u01b0\u1eddng v\u00e0 \u0110a d\u1ea1ng Sinh h\u1ecdc (EPBC) t\u1ea1i \u00dac.<\/a>\r\n\t\t<\/h2>\r\n\r\n\t\t\t\t\t<div class=\"pgafu-post-date\">\r\n\t\t\t\t\t\t\t\t\t<span class=\"pgafu-time\"> <img decoding=\"async\" src=\"https:\/\/gosco.vn\/wp-content\/plugins\/post-grid-and-filter-ultimate\/assets\/images\/calendar.svg\" alt=\"\"> 11 th\u00e1ng 5 n\u0103m 2025 <\/span>\r\n\t\t\t\t\t\t\t<\/div>\r\n\t\t\t<\/div>\r\n<\/div>\t\t\t\t\t<\/div>\r\n\r\n\t\t\t\t\t\r\n\t\t\t\t\t<div class=\"pgafu-medium-4 pgafu-columns filtr-item pgafu-post-cnt pgafu-295\">\r\n\t\t\t\t\t\r\n<div class=\"pgafu-post-grid\">\r\n\t<div class=\"pgafu-post-grid-content\">\r\n\t\t\t\t\t<div class=\"pgafu-post-image-bg\" style=\"\">\r\n\t\t\t\t<a href=\"https:\/\/gosco.vn\/vi\/bai-hoc-cho-nang-luong-xanh-viet-nam-tu-su-co-tai-tay-ban-nha\">\r\n\t\t\t\t\t<img decoding=\"async\" src=\"https:\/\/gosco.vn\/wp-content\/uploads\/2025\/05\/Bai-hoc-cho-nang-luong-xanh-Viet-Nam-tu-su-co-tai-Tay-Ban-Nha-1024x683.jpg\" alt=\"S\u1ef1 c\u1ed1 m\u1ea5t \u0111i\u1ec7n t\u1ea1i T\u00e2y Ban Nha, ch\u00fang ta h\u1ecdc h\u1ecfi \u0111\u01b0\u1ee3c g\u00ec?\" \/>\r\n\t\t\t\t<\/a>\r\n\t\t\t<\/div>\r\n\t\t\t\t<h2 class=\"pgafu-post-title\">\r\n\t\t\t<a href=\"https:\/\/gosco.vn\/vi\/bai-hoc-cho-nang-luong-xanh-viet-nam-tu-su-co-tai-tay-ban-nha\">S\u1ef1 c\u1ed1 m\u1ea5t \u0111i\u1ec7n t\u1ea1i T\u00e2y Ban Nha, ch\u00fang ta h\u1ecdc \u0111\u01b0\u1ee3c g\u00ec?<\/a>\r\n\t\t<\/h2>\r\n\r\n\t\t\t\t\t<div class=\"pgafu-post-date\">\r\n\t\t\t\t\t\t\t\t\t<span class=\"pgafu-time\"> <img decoding=\"async\" src=\"https:\/\/gosco.vn\/wp-content\/plugins\/post-grid-and-filter-ultimate\/assets\/images\/calendar.svg\" alt=\"\"> 8 th\u00e1ng 5 n\u0103m 2025 <\/span>\r\n\t\t\t\t\t\t\t<\/div>\r\n\t\t\t<\/div>\r\n<\/div>\t\t\t\t\t<\/div>\r\n\r\n\t\t\t\t\t\r\n\t\t\t\t\t<div class=\"pgafu-medium-4 pgafu-columns filtr-item pgafu-post-cnt pgafu-295\">\r\n\t\t\t\t\t\r\n<div class=\"pgafu-post-grid\">\r\n\t<div class=\"pgafu-post-grid-content\">\r\n\t\t\t\t\t<div class=\"pgafu-post-image-bg\" style=\"\">\r\n\t\t\t\t<a href=\"https:\/\/gosco.vn\/vi\/phan-tich-rui-ro-trong-cong-tac-khao-sat-dia-hinh-dia-chat-cho-du-an-dien-gio-ngoai-khoi-tai-viet-nam\">\r\n\t\t\t\t\t<img decoding=\"async\" src=\"https:\/\/gosco.vn\/wp-content\/uploads\/2025\/05\/gosco-jackup-rig-02-1024x723.jpg\" alt=\"Ph\u00e2n t\u00edch r\u1ee7i ro trong c\u00f4ng t\u00e1c kh\u1ea3o s\u00e1t \u0111\u1ecba h\u00ecnh, \u0111\u1ecba ch\u1ea5t cho d\u1ef1 \u00e1n \u0111i\u1ec7n gi\u00f3 ngo\u00e0i kh\u01a1i t\u1ea1i Vi\u1ec7t Nam\" \/>\r\n\t\t\t\t<\/a>\r\n\t\t\t<\/div>\r\n\t\t\t\t<h2 class=\"pgafu-post-title\">\r\n\t\t\t<a href=\"https:\/\/gosco.vn\/vi\/phan-tich-rui-ro-trong-cong-tac-khao-sat-dia-hinh-dia-chat-cho-du-an-dien-gio-ngoai-khoi-tai-viet-nam\">Ph\u00e2n t\u00edch r\u1ee7i ro trong c\u00f4ng t\u00e1c kh\u1ea3o s\u00e1t \u0111\u1ecba h\u00ecnh v\u00e0 \u0111\u1ecba ch\u1ea5t cho d\u1ef1 \u00e1n \u0111i\u1ec7n gi\u00f3 ngo\u00e0i kh\u01a1i t\u1ea1i Vi\u1ec7t Nam<\/a>\r\n\t\t<\/h2>\r\n\r\n\t\t\t\t\t<div class=\"pgafu-post-date\">\r\n\t\t\t\t\t\t\t\t\t<span class=\"pgafu-time\"> <img decoding=\"async\" src=\"https:\/\/gosco.vn\/wp-content\/plugins\/post-grid-and-filter-ultimate\/assets\/images\/calendar.svg\" alt=\"\"> 8 th\u00e1ng 5 n\u0103m 2025 <\/span>\r\n\t\t\t\t\t\t\t<\/div>\r\n\t\t\t<\/div>\r\n<\/div>\t\t\t\t\t<\/div>\r\n\r\n\t\t\t\t\t\r\n\t\t\t\t\t<div class=\"pgafu-medium-4 pgafu-columns filtr-item pgafu-post-cnt pgafu-295\">\r\n\t\t\t\t\t\r\n<div class=\"pgafu-post-grid\">\r\n\t<div class=\"pgafu-post-grid-content\">\r\n\t\t\t\t\t<div class=\"pgafu-post-image-bg\" style=\"\">\r\n\t\t\t\t<a href=\"https:\/\/gosco.vn\/vi\/malaysia-ra-mat-chuong-trinh-tong-hop-dien-mat-troi-tren-mai-nha\">\r\n\t\t\t\t\t<img decoding=\"async\" src=\"https:\/\/gosco.vn\/wp-content\/uploads\/2025\/05\/rooftop-malaysia.png\" alt=\"Malaysia ra m\u1eaft ch\u01b0\u01a1ng tr\u00ecnh t\u1ed5ng h\u1ee3p \u0111i\u1ec7n m\u1eb7t tr\u1eddi tr\u00ean m\u00e1i nh\u00e0\" \/>\r\n\t\t\t\t<\/a>\r\n\t\t\t<\/div>\r\n\t\t\t\t<h2 class=\"pgafu-post-title\">\r\n\t\t\t<a href=\"https:\/\/gosco.vn\/vi\/malaysia-ra-mat-chuong-trinh-tong-hop-dien-mat-troi-tren-mai-nha\">Malaysia ra m\u1eaft ch\u01b0\u01a1ng tr\u00ecnh t\u1ed5ng h\u1ee3p \u0111i\u1ec7n m\u1eb7t tr\u1eddi tr\u00ean m\u00e1i nh\u00e0<\/a>\r\n\t\t<\/h2>\r\n\r\n\t\t\t\t\t<div class=\"pgafu-post-date\">\r\n\t\t\t\t\t\t\t\t\t<span class=\"pgafu-time\"> <img decoding=\"async\" src=\"https:\/\/gosco.vn\/wp-content\/plugins\/post-grid-and-filter-ultimate\/assets\/images\/calendar.svg\" alt=\"\"> 6 th\u00e1ng 5 n\u0103m 2025 <\/span>\r\n\t\t\t\t\t\t\t<\/div>\r\n\t\t\t<\/div>\r\n<\/div>\t\t\t\t\t<\/div>\r\n\r\n\t\t\t\t\t\r\n\t\t\t\t\t<div class=\"pgafu-medium-4 pgafu-columns filtr-item pgafu-post-cnt pgafu-15\">\r\n\t\t\t\t\t\r\n<div class=\"pgafu-post-grid\">\r\n\t<div class=\"pgafu-post-grid-content\">\r\n\t\t\t\t\t<div class=\"pgafu-post-image-bg\" style=\"\">\r\n\t\t\t\t<a href=\"https:\/\/gosco.vn\/vi\/phe-duyet-khung-gia-phat-dien-ap-dung-cho-loai-hinh-nha-may-dien-mat-troi\">\r\n\t\t\t\t\t<img decoding=\"async\" src=\"https:\/\/gosco.vn\/wp-content\/uploads\/2025\/04\/Phe-duyet-khung-gia-phat-dien-ap-dung-cho-loai-hinh-nha-may-dien-mat-troi-01-1024x512.jpg\" alt=\"Ph\u00ea duy\u1ec7t khung gi\u00e1 ph\u00e1t \u0111i\u1ec7n \u00e1p d\u1ee5ng cho lo\u1ea1i h\u00ecnh nh\u00e0 m\u00e1y \u0111i\u1ec7n m\u1eb7t tr\u1eddi\" \/>\r\n\t\t\t\t<\/a>\r\n\t\t\t<\/div>\r\n\t\t\t\t<h2 class=\"pgafu-post-title\">\r\n\t\t\t<a href=\"https:\/\/gosco.vn\/vi\/phe-duyet-khung-gia-phat-dien-ap-dung-cho-loai-hinh-nha-may-dien-mat-troi\">Ph\u00ea duy\u1ec7t khung gi\u00e1 ph\u00e1t \u0111i\u1ec7n \u00e1p d\u1ee5ng cho lo\u1ea1i h\u00ecnh nh\u00e0 m\u00e1y \u0111i\u1ec7n m\u1eb7t tr\u1eddi<\/a>\r\n\t\t<\/h2>\r\n\r\n\t\t\t\t\t<div class=\"pgafu-post-date\">\r\n\t\t\t\t\t\t\t\t\t<span class=\"pgafu-time\"> <img decoding=\"async\" src=\"https:\/\/gosco.vn\/wp-content\/plugins\/post-grid-and-filter-ultimate\/assets\/images\/calendar.svg\" alt=\"\"> 23 th\u00e1ng 4 n\u0103m 2025 <\/span>\r\n\t\t\t\t\t\t\t<\/div>\r\n\t\t\t<\/div>\r\n<\/div>\t\t\t\t\t<\/div>\r\n\r\n\t\t\t\t\t\r\n\t\t\t\t\t<div class=\"pgafu-medium-4 pgafu-columns filtr-item pgafu-post-cnt pgafu-295\">\r\n\t\t\t\t\t\r\n<div class=\"pgafu-post-grid\">\r\n\t<div class=\"pgafu-post-grid-content\">\r\n\t\t\t\t\t<div class=\"pgafu-post-image-bg\" style=\"\">\r\n\t\t\t\t<a href=\"https:\/\/gosco.vn\/vi\/7-tham-so-tinh-chuyen-tu-he-wgs84-sang-he-vn2000-va-nguoc-lai\">\r\n\t\t\t\t\t<img decoding=\"async\" src=\"https:\/\/gosco.vn\/wp-content\/uploads\/2025\/03\/wgs84_vn2000-01-1024x512.jpg\" alt=\"7 tham s\u1ed1 t\u00ednh chuy\u1ec3n t\u1eeb h\u1ec7 WGS84 sang h\u1ec7 VN2000 v\u00e0 ng\u01b0\u1ee3c l\u1ea1i\" \/>\r\n\t\t\t\t<\/a>\r\n\t\t\t<\/div>\r\n\t\t\t\t<h2 class=\"pgafu-post-title\">\r\n\t\t\t<a href=\"https:\/\/gosco.vn\/vi\/7-tham-so-tinh-chuyen-tu-he-wgs84-sang-he-vn2000-va-nguoc-lai\">7 th\u00f4ng s\u1ed1 chuy\u1ec3n \u0111\u1ed5i t\u1eeb h\u1ec7 t\u1ecda \u0111\u1ed9 WGS84 sang h\u1ec7 t\u1ecda \u0111\u1ed9 VN2000 v\u00e0 ng\u01b0\u1ee3c l\u1ea1i<\/a>\r\n\t\t<\/h2>\r\n\r\n\t\t\t\t\t<div class=\"pgafu-post-date\">\r\n\t\t\t\t\t\t\t\t\t<span class=\"pgafu-time\"> <img decoding=\"async\" src=\"https:\/\/gosco.vn\/wp-content\/plugins\/post-grid-and-filter-ultimate\/assets\/images\/calendar.svg\" alt=\"\"> 11 th\u00e1ng 3 n\u0103m 2025 <\/span>\r\n\t\t\t\t\t\t\t<\/div>\r\n\t\t\t<\/div>\r\n<\/div>\t\t\t\t\t<\/div>\r\n\r\n\t\t\t\t\t\r\n\t\t\t\t\t<div class=\"pgafu-medium-4 pgafu-columns filtr-item pgafu-post-cnt pgafu-15\">\r\n\t\t\t\t\t\r\n<div class=\"pgafu-post-grid\">\r\n\t<div class=\"pgafu-post-grid-content\">\r\n\t\t\t\t\t<div class=\"pgafu-post-image-bg\" style=\"\">\r\n\t\t\t\t<a href=\"https:\/\/gosco.vn\/vi\/nam-2025-danh-dau-buoc-chuyen-quan-trong-cua-thi-truong-dien-viet-nam\">\r\n\t\t\t\t\t<img decoding=\"async\" src=\"https:\/\/gosco.vn\/wp-content\/uploads\/2025\/03\/Nam-2025-danh-dau-buoc-chuyen-quan-trong-cua-thi-truong-dien-Viet-Nam-01-1024x512.jpg\" alt=\"N\u0103m 2025 \u0111\u00e1nh d\u1ea5u b\u01b0\u1edbc chuy\u1ec3n quan tr\u1ecdng c\u1ee7a th\u1ecb tr\u01b0\u1eddng \u0111i\u1ec7n Vi\u1ec7t Nam ?\" \/>\r\n\t\t\t\t<\/a>\r\n\t\t\t<\/div>\r\n\t\t\t\t<h2 class=\"pgafu-post-title\">\r\n\t\t\t<a href=\"https:\/\/gosco.vn\/vi\/nam-2025-danh-dau-buoc-chuyen-quan-trong-cua-thi-truong-dien-viet-nam\">N\u0103m 2025 \u0111\u00e1nh d\u1ea5u b\u01b0\u1edbc chuy\u1ec3n quan tr\u1ecdng c\u1ee7a th\u1ecb tr\u01b0\u1eddng \u0111i\u1ec7n Vi\u1ec7t Nam ?<\/a>\r\n\t\t<\/h2>\r\n\r\n\t\t\t\t\t<div class=\"pgafu-post-date\">\r\n\t\t\t\t\t\t\t\t\t<span class=\"pgafu-time\"> <img decoding=\"async\" src=\"https:\/\/gosco.vn\/wp-content\/plugins\/post-grid-and-filter-ultimate\/assets\/images\/calendar.svg\" alt=\"\"> 5 th\u00e1ng 3 n\u0103m 2025 <\/span>\r\n\t\t\t\t\t\t\t<\/div>\r\n\t\t\t<\/div>\r\n<\/div>\t\t\t\t\t<\/div>\r\n\r\n\t\t\t\t\t\r\n\t\t\t\t\t<div class=\"pgafu-medium-4 pgafu-columns filtr-item pgafu-post-cnt pgafu-295\">\r\n\t\t\t\t\t\r\n<div class=\"pgafu-post-grid\">\r\n\t<div class=\"pgafu-post-grid-content\">\r\n\t\t\t\t\t<div class=\"pgafu-post-image-bg\" style=\"\">\r\n\t\t\t\t<a href=\"https:\/\/gosco.vn\/vi\/muoi-su-kien-tieu-bieu-cua-nganh-nang-luong-viet-nam-nam-2024\">\r\n\t\t\t\t\t<img decoding=\"async\" src=\"https:\/\/gosco.vn\/wp-content\/uploads\/2025\/02\/10-su-kien-tieu-bieu-nganh-nang-luong-1024x512.jpg\" alt=\"M\u01b0\u1eddi s\u1ef1 ki\u1ec7n ti\u00eau bi\u1ec3u c\u1ee7a ng\u00e0nh n\u0103ng l\u01b0\u1ee3ng Vi\u1ec7t Nam n\u0103m 2024\" \/>\r\n\t\t\t\t<\/a>\r\n\t\t\t<\/div>\r\n\t\t\t\t<h2 class=\"pgafu-post-title\">\r\n\t\t\t<a href=\"https:\/\/gosco.vn\/vi\/muoi-su-kien-tieu-bieu-cua-nganh-nang-luong-viet-nam-nam-2024\">M\u01b0\u1eddi s\u1ef1 ki\u1ec7n n\u1ed5i b\u1eadt c\u1ee7a ng\u00e0nh n\u0103ng l\u01b0\u1ee3ng Vi\u1ec7t Nam n\u0103m 2024<\/a>\r\n\t\t<\/h2>\r\n\r\n\t\t\t\t\t<div class=\"pgafu-post-date\">\r\n\t\t\t\t\t\t\t\t\t<span class=\"pgafu-time\"> <img decoding=\"async\" src=\"https:\/\/gosco.vn\/wp-content\/plugins\/post-grid-and-filter-ultimate\/assets\/images\/calendar.svg\" alt=\"\"> 24 th\u00e1ng 2 n\u0103m 2025 <\/span>\r\n\t\t\t\t\t\t\t<\/div>\r\n\t\t\t<\/div>\r\n<\/div>\t\t\t\t\t<\/div>\r\n\r\n\t\t\t\t\t\r\n\t\t\t\t\t<div class=\"pgafu-medium-4 pgafu-columns filtr-item pgafu-post-cnt pgafu-295\">\r\n\t\t\t\t\t\r\n<div class=\"pgafu-post-grid\">\r\n\t<div class=\"pgafu-post-grid-content\">\r\n\t\t\t\t\t<div class=\"pgafu-post-image-bg\" style=\"\">\r\n\t\t\t\t<a href=\"https:\/\/gosco.vn\/vi\/khao-sat-khoan-dia-chat-cong-trinh-la-gi\">\r\n\t\t\t\t\t<img decoding=\"async\" src=\"https:\/\/gosco.vn\/wp-content\/uploads\/2025\/01\/Gosco-drilling1.png\" alt=\"Kh\u1ea3o s\u00e1t khoan \u0111\u1ecba ch\u1ea5t c\u00f4ng tr\u00ecnh l\u00e0 g\u00ec ?\" \/>\r\n\t\t\t\t<\/a>\r\n\t\t\t<\/div>\r\n\t\t\t\t<h2 class=\"pgafu-post-title\">\r\n\t\t\t<a href=\"https:\/\/gosco.vn\/vi\/khao-sat-khoan-dia-chat-cong-trinh-la-gi\">Kh\u1ea3o s\u00e1t khoan \u0111\u1ecba ch\u1ea5t c\u00f4ng tr\u00ecnh l\u00e0 g\u00ec?<\/a>\r\n\t\t<\/h2>\r\n\r\n\t\t\t\t\t<div class=\"pgafu-post-date\">\r\n\t\t\t\t\t\t\t\t\t<span class=\"pgafu-time\"> <img decoding=\"async\" src=\"https:\/\/gosco.vn\/wp-content\/plugins\/post-grid-and-filter-ultimate\/assets\/images\/calendar.svg\" alt=\"\"> 20 th\u00e1ng 2 n\u0103m 2025 <\/span>\r\n\t\t\t\t\t\t\t<\/div>\r\n\t\t\t<\/div>\r\n<\/div>\t\t\t\t\t<\/div>\r\n\r\n\t\t\t\t\t\r\n\t\t\t\t\t<div class=\"pgafu-medium-4 pgafu-columns filtr-item pgafu-post-cnt pgafu-15\">\r\n\t\t\t\t\t\r\n<div class=\"pgafu-post-grid\">\r\n\t<div class=\"pgafu-post-grid-content\">\r\n\t\t\t\t\t<div class=\"pgafu-post-image-bg\" style=\"\">\r\n\t\t\t\t<a href=\"https:\/\/gosco.vn\/vi\/xu-huong-phat-trien-dien-hat-nhan-den-nam-2050\">\r\n\t\t\t\t\t<img decoding=\"async\" src=\"https:\/\/gosco.vn\/wp-content\/uploads\/2025\/02\/nha-may-dien-hat-nhan--1024x512.jpg\" alt=\"Xu h\u01b0\u1edbng ph\u00e1t tri\u1ec3n \u0111i\u1ec7n h\u1ea1t nh\u00e2n \u0111\u1ebfn n\u0103m 2050\" \/>\r\n\t\t\t\t<\/a>\r\n\t\t\t<\/div>\r\n\t\t\t\t<h2 class=\"pgafu-post-title\">\r\n\t\t\t<a href=\"https:\/\/gosco.vn\/vi\/xu-huong-phat-trien-dien-hat-nhan-den-nam-2050\">Xu h\u01b0\u1edbng ph\u00e1t tri\u1ec3n n\u0103ng l\u01b0\u1ee3ng h\u1ea1t nh\u00e2n \u0111\u1ebfn n\u0103m 2050<\/a>\r\n\t\t<\/h2>\r\n\r\n\t\t\t\t\t<div class=\"pgafu-post-date\">\r\n\t\t\t\t\t\t\t\t\t<span class=\"pgafu-time\"> <img decoding=\"async\" src=\"https:\/\/gosco.vn\/wp-content\/plugins\/post-grid-and-filter-ultimate\/assets\/images\/calendar.svg\" alt=\"\"> 18 th\u00e1ng 2 n\u0103m 2025 <\/span>\r\n\t\t\t\t\t\t\t<\/div>\r\n\t\t\t<\/div>\r\n<\/div>\t\t\t\t\t<\/div>\r\n\r\n\t\t\t\t\t\r\n\t\t\t\t\t<div class=\"pgafu-medium-4 pgafu-columns filtr-item pgafu-post-cnt pgafu-295\">\r\n\t\t\t\t\t\r\n<div class=\"pgafu-post-grid\">\r\n\t<div class=\"pgafu-post-grid-content\">\r\n\t\t\t\t\t<div class=\"pgafu-post-image-bg\" style=\"\">\r\n\t\t\t\t<a href=\"https:\/\/gosco.vn\/vi\/nang-luong-tai-tao-la-gi\">\r\n\t\t\t\t\t<img decoding=\"async\" src=\"https:\/\/gosco.vn\/wp-content\/uploads\/2025\/02\/Nang-luon-tai-tao-1024x512.jpg\" alt=\"N\u0103ng l\u01b0\u1ee3ng t\u00e1i t\u1ea1o l\u00e0 g\u00ec ?\" \/>\r\n\t\t\t\t<\/a>\r\n\t\t\t<\/div>\r\n\t\t\t\t<h2 class=\"pgafu-post-title\">\r\n\t\t\t<a href=\"https:\/\/gosco.vn\/vi\/nang-luong-tai-tao-la-gi\">N\u0103ng l\u01b0\u1ee3ng t\u00e1i t\u1ea1o l\u00e0 g\u00ec?<\/a>\r\n\t\t<\/h2>\r\n\r\n\t\t\t\t\t<div class=\"pgafu-post-date\">\r\n\t\t\t\t\t\t\t\t\t<span class=\"pgafu-time\"> <img decoding=\"async\" src=\"https:\/\/gosco.vn\/wp-content\/plugins\/post-grid-and-filter-ultimate\/assets\/images\/calendar.svg\" alt=\"\"> 17 th\u00e1ng 2 n\u0103m 2025 <\/span>\r\n\t\t\t\t\t\t\t<\/div>\r\n\t\t\t<\/div>\r\n<\/div>\t\t\t\t\t<\/div>\r\n\r\n\t\t\t\t\t\r\n\t\t\t\t\t<div class=\"pgafu-medium-4 pgafu-columns filtr-item pgafu-post-cnt pgafu-295\">\r\n\t\t\t\t\t\r\n<div class=\"pgafu-post-grid\">\r\n\t<div class=\"pgafu-post-grid-content\">\r\n\t\t\t\t\t<div class=\"pgafu-post-image-bg\" style=\"\">\r\n\t\t\t\t<a href=\"https:\/\/gosco.vn\/vi\/so-sanh-thi-nghiem-xuyen-spt-cpt\">\r\n\t\t\t\t\t<img decoding=\"async\" src=\"https:\/\/gosco.vn\/wp-content\/uploads\/2025\/02\/SPT-vs-CPT-1024x512.jpg\" alt=\"So s\u00e1nh th\u00ed nghi\u1ec7m xuy\u00ean ti\u00eau chu\u1ea9n (SPT) v\u00e0 th\u00ed nghi\u1ec7m xuy\u00ean t\u0129nh (CPT)\" \/>\r\n\t\t\t\t<\/a>\r\n\t\t\t<\/div>\r\n\t\t\t\t<h2 class=\"pgafu-post-title\">\r\n\t\t\t<a href=\"https:\/\/gosco.vn\/vi\/so-sanh-thi-nghiem-xuyen-spt-cpt\">So s\u00e1nh th\u00ed nghi\u1ec7m xuy\u00ean ti\u00eau chu\u1ea9n (SPT) v\u00e0 th\u00ed nghi\u1ec7m xuy\u00ean t\u0129nh (CPT)<\/a>\r\n\t\t<\/h2>\r\n\r\n\t\t\t\t\t<div class=\"pgafu-post-date\">\r\n\t\t\t\t\t\t\t\t\t<span class=\"pgafu-time\"> <img decoding=\"async\" src=\"https:\/\/gosco.vn\/wp-content\/plugins\/post-grid-and-filter-ultimate\/assets\/images\/calendar.svg\" alt=\"\"> 13 th\u00e1ng 2 n\u0103m 2025 <\/span>\r\n\t\t\t\t\t\t\t<\/div>\r\n\t\t\t<\/div>\r\n<\/div>\t\t\t\t\t<\/div>\r\n\r\n\t\t\t\t\t\r\n\t\t\t\t\t<div class=\"pgafu-medium-4 pgafu-columns filtr-item pgafu-post-cnt pgafu-295\">\r\n\t\t\t\t\t\r\n<div class=\"pgafu-post-grid\">\r\n\t<div class=\"pgafu-post-grid-content\">\r\n\t\t\t\t\t<div class=\"pgafu-post-image-bg\" style=\"\">\r\n\t\t\t\t<a href=\"https:\/\/gosco.vn\/vi\/kinh-tuyen-truc-dia-phuong-he-toa-do-vn-2000-tai-viet-nam\">\r\n\t\t\t\t\t<img decoding=\"async\" src=\"https:\/\/gosco.vn\/wp-content\/uploads\/2025\/02\/Kinh-tuyen-truc-vn2000-4-01.jpg\" alt=\"Kinh tuy\u1ebfn tr\u1ee5c \u0111\u1ecba ph\u01b0\u01a1ng, h\u1ec7 to\u1ea1 \u0111\u1ed9 VN-2000 t\u1ea1i Vi\u1ec7t Nam\" \/>\r\n\t\t\t\t<\/a>\r\n\t\t\t<\/div>\r\n\t\t\t\t<h2 class=\"pgafu-post-title\">\r\n\t\t\t<a href=\"https:\/\/gosco.vn\/vi\/kinh-tuyen-truc-dia-phuong-he-toa-do-vn-2000-tai-viet-nam\">Kinh tuy\u1ebfn \u0111\u1ecba ph\u01b0\u01a1ng, h\u1ec7 t\u1ecda \u0111\u1ed9 VN-2000 t\u1ea1i Vi\u1ec7t Nam<\/a>\r\n\t\t<\/h2>\r\n\r\n\t\t\t\t\t<div class=\"pgafu-post-date\">\r\n\t\t\t\t\t\t\t\t\t<span class=\"pgafu-time\"> <img decoding=\"async\" src=\"https:\/\/gosco.vn\/wp-content\/plugins\/post-grid-and-filter-ultimate\/assets\/images\/calendar.svg\" alt=\"\"> 12 th\u00e1ng 2 n\u0103m 2025 <\/span>\r\n\t\t\t\t\t\t\t<\/div>\r\n\t\t\t<\/div>\r\n<\/div>\t\t\t\t\t<\/div>\r\n\r\n\t\t\t\t\t\r\n\t\t\t\t\t<div class=\"pgafu-medium-4 pgafu-columns filtr-item pgafu-post-cnt pgafu-15\">\r\n\t\t\t\t\t\r\n<div class=\"pgafu-post-grid\">\r\n\t<div class=\"pgafu-post-grid-content\">\r\n\t\t\t\t\t<div class=\"pgafu-post-image-bg\" style=\"\">\r\n\t\t\t\t<a href=\"https:\/\/gosco.vn\/vi\/tong-quan-thi-truong-dien-gio-toan-cau-viet-nam-2023-2024\">\r\n\t\t\t\t\t<img decoding=\"async\" src=\"https:\/\/gosco.vn\/wp-content\/uploads\/2025\/01\/Wind-power-plant.jpg\" alt=\"T\u1ed5ng quan th\u1ecb tr\u01b0\u1eddng \u0111I\u1ec7n gi\u00f3 to\u00e0n c\u1ea7u &#038; Vi\u1ec7t Nam (2023-2024)\" \/>\r\n\t\t\t\t<\/a>\r\n\t\t\t<\/div>\r\n\t\t\t\t<h2 class=\"pgafu-post-title\">\r\n\t\t\t<a href=\"https:\/\/gosco.vn\/vi\/tong-quan-thi-truong-dien-gio-toan-cau-viet-nam-2023-2024\">T\u1ed5ng quan th\u1ecb tr\u01b0\u1eddng \u0111i\u1ec7n gi\u00f3 to\u00e0n c\u1ea7u &amp; Vi\u1ec7t Nam (2023-2024)<\/a>\r\n\t\t<\/h2>\r\n\r\n\t\t\t\t\t<div class=\"pgafu-post-date\">\r\n\t\t\t\t\t\t\t\t\t<span class=\"pgafu-time\"> <img decoding=\"async\" src=\"https:\/\/gosco.vn\/wp-content\/plugins\/post-grid-and-filter-ultimate\/assets\/images\/calendar.svg\" alt=\"\"> 10 th\u00e1ng 2 n\u0103m 2025 <\/span>\r\n\t\t\t\t\t\t\t<\/div>\r\n\t\t\t<\/div>\r\n<\/div>\t\t\t\t\t<\/div>\r\n\r\n\t\t\t\t\t\r\n\t\t\t\t<\/div>\r\n\t\t\t<\/div>\r\n\t\t<\/div>\r\n\r\n\t\t\n<h1>\n\t\tLi\u1ec7n h\u1ec7\n\t<\/h1>\n\t<p class=\"translation-block\"><span style=\"font-size: 14px\">Ch\u00fang t\u00f4i lu\u00f4n <strong>l\u1eafng nghe<\/strong> t\u1ea5t c\u1ea3 c\u00e1c \u00fd ki\u1ebfn t\u1eeb kh\u00e1ch h\u00e0ng. N\u1ebfu b\u1ea1n c\u00f3 b\u1ea5t k\u1ef3 v\u1ea5n \u0111\u1ec1 ho\u1eb7c c\u00e2u h\u1ecfi n\u00e0o v\u1ec1 d\u1ecbch v\u1ee5, vui l\u00f2ng li\u00ean h\u1ec7 v\u1edbi ch\u00fang t\u00f4i:<\/span><\/p>\n\n\n\n(+84) 98 226 5526<br \/>\nsurvey@gosco.vn\n\t\t\t<a href=\"mailto:survey@gosco.vn\" target=\"_self\">\n\t\t\t\t\t\t\tG\u1eedi Email\n\t\t\t<\/a>\n\t<iframe src=\"https:\/\/www.google.com\/maps\/embed?pb=!1m18!1m12!1m3!1d3665.961620807315!2d109.17553407477492!3d12.212551588037337!2m3!1f0!2f0!3f0!3m2!1i1024!2i768!4f13.1!3m3!1m2!1s0x31705d809c07aaab%3A0xa43231c402fbf18b!2zQ8OUTkcgVFkgVE5ISCBL4bu4IFRIVeG6rFQgS0jhuqJPIFPDgVQgQknhu4JOIFbDgE5H!5e1!3m2!1svi!2s!4v1735137735203!5m2!1svi!2s\" width=\"600\" height=\"450\" allowfullscreen=\"\" loading=\"lazy\" referrerpolicy=\"no-referrer-when-downgrade\"><\/iframe>\n<h2>\n\t\tV\u1ecb tr\u00ed GOSCO\n\t<\/h2>\n\t<p><strong>\u0110\u1ecba ch\u1ec9 v\u0103n ph\u00f2ng<\/strong><\/p>\n<p>L\u00f4 L22-18 (\u0110\u01b0\u1eddng T8), Khu \u0111\u00f4 th\u1ecb An B\u00ecnh T\u00e2n, Th\u00e0nh ph\u1ed1 Nha Trang, T\u1ec9nh Kh\u00e1nh H\u00f2a, Vi\u1ec7t Nam.<\/p>\n<ul>\n<li>12\u00b012&#8217;44.90&#8243;N,<\/li>\n<li>109\u00b010&#8217;41.26&#8243;E<\/li>\n<\/ul>\n\t\t\t<a href=\"https:\/\/maps.app.goo.gl\/HDsrqrQSU2H4ojA19\" target=\"_blank\" rel=\"noopener\">\n\t\t\t\t\t\t\tGoogle Map\n\t\t\t<\/a>\n<h1>\n\t\tGOSCO\n\t<\/h1>\n\t<p>Ch\u00fang t\u00f4i lu\u00f4n n\u1ed7 l\u1ef1c cung c\u1ea5p d\u1eef li\u1ec7u \u0111\u00e1ng tin c\u1eady v\u1ec1 \u0111\u1ecba h\u00ecnh, \u0111\u1ecba ch\u1ea5t v\u00e0 kh\u00ed t\u01b0\u1ee3ng th\u1ee7y v\u0103n \u0111\u1ec3 g\u00f3p ph\u1ea7n mang l\u1ea1i nh\u1eefng gi\u1ea3i ph\u00e1p thi\u1ebft k\u1ebf ph\u00f9 h\u1ee3p, an to\u00e0n v\u00e0 hi\u1ec7u qu\u1ea3 cho c\u00e1c d\u1ef1 \u00e1n x\u00e2y d\u1ef1ng.<\/p>\n\t<p><strong>C\u00f4ng ty TNHH K\u1ef9 thu\u1eadt kh\u1ea3o s\u00e1t Bi\u1ec3n V\u00e0ng. GOSCO.<\/strong><\/p>\n<p>M\u00e3 s\u1ed1 thu\u1ebf: 4201759764<\/p>\n<p>&nbsp;<\/p>\n\t\t\t<a href=\"https:\/\/www.facebook.com\/BIENVANG.GOSCO\" target=\"_blank\" rel=\"noopener\">\n\t\t\t<\/a>\n\t\t\t<a href=\"https:\/\/www.youtube.com\/@gosco5263\" target=\"_blank\" rel=\"noopener\">\n\t\t\t<\/a>","protected":false},"excerpt":{"rendered":"<p>T\u1ed5ng quan th\u1ecb tr\u01b0\u1eddng \u0111i\u1ec7n gi\u00f3 to\u00e0n c\u1ea7u &#038; Vi\u1ec7t Nam (2023-2024) \u0110\u0103ng ng\u00e0y: 11\/2\/2025 T\u0103ng tr\u01b0\u1edfng k\u1ef7 l\u1ee5c nh\u01b0ng gi\u1ea3m m\u1ea1nh \u0111\u1ea7u n\u0103m 2024 N\u0103m 2023, c\u00f4ng su\u1ea5t \u0111i\u1ec7n gi\u00f3 to\u00e0n c\u1ea7u \u0111\u1ea1t 1 TW, v\u1edbi 117 GW \u0111i\u1ec7n gi\u00f3 m\u1edbi \u0111\u01b0\u1ee3c l\u1eafp \u0111\u1eb7t. Trung Qu\u1ed1c d\u1eabn \u0111\u1ea7u v\u1edbi 69 GW, ti\u1ebfp theo l\u00e0 &hellip; <\/p>\n<p class=\"link-more\"><a href=\"https:\/\/gosco.vn\/vi\/tong-quan-thi-truong-dien-gio-toan-cau-viet-nam-2023-2024\" class=\"more-link\">\u0110\u1ecdc ti\u1ebfp<span class=\"screen-reader-text\"> &#8220;T\u1ed5ng quan th\u1ecb tr\u01b0\u1eddng \u0111I\u1ec7n gi\u00f3 to\u00e0n c\u1ea7u &#038; Vi\u1ec7t Nam (2023-2024)&#8221;<\/span><\/a><\/p>","protected":false},"author":2,"featured_media":1133,"parent":0,"menu_order":0,"comment_status":"closed","ping_status":"closed","template":"blank_Tien_page.php","meta":{"_acf_changed":false,"om_disable_all_campaigns":false,"footnotes":""},"class_list":["post-13939","page","type-page","status-publish","has-post-thumbnail","hentry","entry"],"acf":[],"aioseo_notices":[],"_links":{"self":[{"href":"https:\/\/gosco.vn\/vi\/wp-json\/wp\/v2\/pages\/13939","targetHints":{"allow":["GET"]}}],"collection":[{"href":"https:\/\/gosco.vn\/vi\/wp-json\/wp\/v2\/pages"}],"about":[{"href":"https:\/\/gosco.vn\/vi\/wp-json\/wp\/v2\/types\/page"}],"author":[{"embeddable":true,"href":"https:\/\/gosco.vn\/vi\/wp-json\/wp\/v2\/users\/2"}],"replies":[{"embeddable":true,"href":"https:\/\/gosco.vn\/vi\/wp-json\/wp\/v2\/comments?post=13939"}],"version-history":[{"count":57,"href":"https:\/\/gosco.vn\/vi\/wp-json\/wp\/v2\/pages\/13939\/revisions"}],"predecessor-version":[{"id":14333,"href":"https:\/\/gosco.vn\/vi\/wp-json\/wp\/v2\/pages\/13939\/revisions\/14333"}],"wp:featuredmedia":[{"embeddable":true,"href":"https:\/\/gosco.vn\/vi\/wp-json\/wp\/v2\/media\/1133"}],"wp:attachment":[{"href":"https:\/\/gosco.vn\/vi\/wp-json\/wp\/v2\/media?parent=13939"}],"curies":[{"name":"wp","href":"https:\/\/api.w.org\/{rel}","templated":true}]}}